{"id":1635,"date":"2020-09-15T14:55:42","date_gmt":"2020-09-15T11:55:42","guid":{"rendered":"https:\/\/infammobilya.com\/?page_id=1635"},"modified":"2020-09-17T17:03:48","modified_gmt":"2020-09-17T14:03:48","slug":"iletisim","status":"publish","type":"page","link":"https:\/\/infammobilya.com\/en\/iletisim\/","title":{"rendered":"Contact"},"content":{"rendered":"<div data-vc-full-width=\"true\" data-vc-full-width-init=\"false\" class=\"vc_row wpb_row vc_row-fluid vc_custom_1600351427506 vc_row-has-fill vc_row-o-full-height vc_row-o-columns-middle vc_row-o-equal-height vc_row-flex\"><div class=\"wpb_column vc_column_container vc_col-sm-6\"><div class=\"vc_column-inner\"><div class=\"wpb_wrapper\">\n\t<div class=\"wpb_text_column wpb_content_element vc_custom_1599748350682\" >\n\t\t<div class=\"wpb_wrapper\">\n\t\t\t<h1 style=\"font-family: Montserrat Regular; font-size: 38px; color: #000000; text-align: left; font-weight: bold;\">CONTACT US<\/h1>\n<p style=\"font-family: Montserrat Regular; font-size: 19px; color: #000000; text-align: left;\">Mahmudiye Mh.29.Mobilya Sokak No:17 \u0130neg\u00f6l \/ BURSA<\/p>\n<p style=\"font-family: Montserrat Regular; font-size: 19px; color: #000000; text-align: left;\">0224 718 58 95<\/p>\n<p style=\"font-family: Montserrat Regular; font-size: 19px; color: #000000; text-align: left;\">0224 718 58 94<\/p>\n<p style=\"font-family: Montserrat Regular; font-size: 19px; color: #000000; text-align: left;\">info@infammobilya.com<\/p>\n\n\t\t<\/div>\n\t<\/div>\n<div class=\"wpb_gmaps_widget wpb_content_element\"><div class=\"wpb_wrapper\"><div class=\"wpb_map_wraper\"><iframe style=\"border: 0;\" tabindex=\"0\" src=\"https:\/\/www.google.com\/maps\/embed?pb=!1m18!1m12!1m3!1d3053.329438406661!2d29.536422315698925!3d40.06806308469418!2m3!1f0!2f0!3f0!3m2!1i1024!2i768!4f13.1!3m3!1m2!1s0x14cbc9396dea0c29%3A0x9d25a28bdc20ce96!2sMahmudiye%20Mh.%2C%2029.%20Mobilya%20Sk%20No%3A17%2C%2016400%20%C4%B0neg%C3%B6l%2FBursa!5e0!3m2!1str!2str!4v1600329146340!5m2!1str!2str\" width=\"500\" height=\"450\" frameborder=\"0\" allowfullscreen=\"allowfullscreen\" aria-hidden=\"false\"><\/iframe><\/div><\/div><\/div><\/div><\/div><\/div><div class=\"wpb_column vc_column_container vc_col-sm-6\"><div class=\"vc_column-inner\"><div class=\"wpb_wrapper\">\n\t<div class=\"wpb_text_column wpb_content_element vc_custom_1599746719423\" >\n\t\t<div class=\"wpb_wrapper\">\n\t\t\t<h1 style=\"font-family: Montserrat Regular; font-size: 38px; color: #000000; text-align: left; font-weight: bold;\">CONTACT US<\/h1>\n<div role=\"form\" class=\"wpcf7\" id=\"wpcf7-f5-o1\" lang=\"tr-TR\" dir=\"ltr\">\n<div class=\"screen-reader-response\"><p role=\"status\" aria-live=\"polite\" aria-atomic=\"true\"><\/p> <ul><\/ul><\/div>\n<form action=\"\/en\/wp-json\/wp\/v2\/pages\/1635#wpcf7-f5-o1\" method=\"post\" class=\"wpcf7-form init\" novalidate=\"novalidate\" data-status=\"init\" data-trp-original-action=\"\/en\/wp-json\/wp\/v2\/pages\/1635#wpcf7-f5-o1\">\n<div style=\"display: none;\">\n<input type=\"hidden\" name=\"_wpcf7\" value=\"5\" \/>\n<input type=\"hidden\" name=\"_wpcf7_version\" value=\"5.5.6.1\" \/>\n<input type=\"hidden\" name=\"_wpcf7_locale\" value=\"tr_TR\" \/>\n<input type=\"hidden\" name=\"_wpcf7_unit_tag\" value=\"wpcf7-f5-o1\" \/>\n<input type=\"hidden\" name=\"_wpcf7_container_post\" value=\"0\" \/>\n<input type=\"hidden\" name=\"_wpcf7_posted_data_hash\" value=\"\" \/>\n<\/div>\n<p><label> Your name (* required)<br \/>\n    <span class=\"wpcf7-form-control-wrap your-name\"><input type=\"text\" name=\"your-name\" value=\"\" size=\"40\" class=\"wpcf7-form-control wpcf7-text wpcf7-validates-as-required\" aria-required=\"true\" aria-invalid=\"false\" \/><\/span> <\/label><\/p>\n<p><label> Email (* required)<br \/>\n    <span class=\"wpcf7-form-control-wrap your-email\"><input type=\"email\" name=\"your-email\" value=\"\" size=\"40\" class=\"wpcf7-form-control wpcf7-text wpcf7-email wpcf7-validates-as-required wpcf7-validates-as-email\" aria-required=\"true\" aria-invalid=\"false\" \/><\/span> <\/label><\/p>\n<p><label> Subject<br \/>\n    <span class=\"wpcf7-form-control-wrap your-subject\"><input type=\"text\" name=\"your-subject\" value=\"\" size=\"40\" class=\"wpcf7-form-control wpcf7-text\" aria-invalid=\"false\" \/><\/span> <\/label><\/p>\n<p><label>Message<br \/>\n    <span class=\"wpcf7-form-control-wrap your-message\"><textarea name=\"your-message\" cols=\"40\" rows=\"10\" class=\"wpcf7-form-control wpcf7-textarea\" aria-invalid=\"false\"><\/textarea><\/span> <\/label><\/p>\n<p><input type=\"submit\" value=\"Send\" class=\"wpcf7-form-control has-spinner wpcf7-submit\" \/><\/p>\n<div class=\"wpcf7-response-output\" aria-hidden=\"true\"><\/div><input type=\"hidden\" name=\"trp-form-language\" value=\"en\"\/><\/form><\/div>\n\n\t\t<\/div>\n\t<\/div>\n<\/div><\/div><\/div><\/div><div class=\"vc_row-full-width vc_clearfix\"><\/div>","protected":false},"excerpt":{"rendered":"B\u0130ZE ULA\u015eIN Mahmudiye Mh.29.Mobilya Sokak No:17 \u0130neg\u00f6l \/ BURSA 0224 718 58 95 0224 718 58 94 info@infammobilya.com B\u0130ZE ULA\u015eIN","protected":false},"author":1,"featured_media":0,"parent":0,"menu_order":0,"comment_status":"closed","ping_status":"closed","template":"","meta":[],"_links":{"self":[{"href":"https:\/\/infammobilya.com\/en\/wp-json\/wp\/v2\/pages\/1635"}],"collection":[{"href":"https:\/\/infammobilya.com\/en\/wp-json\/wp\/v2\/pages"}],"about":[{"href":"https:\/\/infammobilya.com\/en\/wp-json\/wp\/v2\/types\/page"}],"author":[{"embeddable":true,"href":"https:\/\/infammobilya.com\/en\/wp-json\/wp\/v2\/users\/1"}],"replies":[{"embeddable":true,"href":"https:\/\/infammobilya.com\/en\/wp-json\/wp\/v2\/comments?post=1635"}],"version-history":[{"count":14,"href":"https:\/\/infammobilya.com\/en\/wp-json\/wp\/v2\/pages\/1635\/revisions"}],"predecessor-version":[{"id":1799,"href":"https:\/\/infammobilya.com\/en\/wp-json\/wp\/v2\/pages\/1635\/revisions\/1799"}],"wp:attachment":[{"href":"https:\/\/infammobilya.com\/en\/wp-json\/wp\/v2\/media?parent=1635"}],"curies":[{"name":"wp","href":"https:\/\/api.w.org\/{rel}","templated":true}]}}