{"id":1746,"date":"2020-09-15T16:45:52","date_gmt":"2020-09-15T13:45:52","guid":{"rendered":"https:\/\/infammobilya.com\/?page_id=1746"},"modified":"2020-09-15T16:45:52","modified_gmt":"2020-09-15T13:45:52","slug":"safir","status":"publish","type":"page","link":"https:\/\/infammobilya.com\/en\/safir\/","title":{"rendered":"Safir"},"content":{"rendered":"<div class=\"vc_row wpb_row vc_row-fluid vc_custom_1600177354169\"><div class=\"wpb_column vc_column_container vc_col-sm-12\"><div class=\"vc_column-inner\"><div class=\"wpb_wrapper\">\n\t\t\t\t\t\t<div class=\"site-content page-portfolio portfolio-layout-boxed portfolio-with-bg-alt col-sm-12\" role=\"main\">\n\t\t\t\n\t\t\t\t\t\t\t\t\t\t\t\t\t\t\t<div class=\"row row-spacing-20\">\n\n\t\t\t\t\t\t\t\t\t\t\t\t\t\t\t\n\t\t\t\t\t\t\t\t \n\t\t\t\t\t\t\t\n\t\t\t\t\t\t\t<div class=\"clear\"><\/div>\n\n\t\t\t\t\t\t\t<div class=\"masonry-container basel-portfolio-holder\" data-atts=\"{&quot;posts_per_page&quot;:&quot;12&quot;,&quot;filters&quot;:&quot;1&quot;,&quot;categories&quot;:&quot;43&quot;,&quot;style&quot;:&quot;with-bg-alt&quot;,&quot;columns&quot;:&quot;3&quot;,&quot;spacing&quot;:&quot;20&quot;,&quot;full_width&quot;:&quot;&quot;,&quot;filters_bg&quot;:&quot;&quot;,&quot;ajax_page&quot;:&quot;&quot;,&quot;pagination&quot;:&quot;pagination&quot;,&quot;basel_color_scheme&quot;:&quot;dark&quot;,&quot;orderby&quot;:&quot;&quot;,&quot;order&quot;:&quot;&quot;,&quot;el_class&quot;:&quot;&quot;}\" data-source=\"shortcode\" data-paged=\"1\">\n\t\t\t\t\t\n\t\t\t\t\t\t\t\t\t\t\t\t\t\t\t\t\t\t\t\t\t\t\n<article id=\"post-1561\" class=\"portfolio-entry  col-sm-4 col-xs-12 portfolio-single masonry-item proj-cat-safir post-1561 portfolio type-portfolio status-publish has-post-thumbnail hentry project-cat-safir\">\n\t\t\t<header class=\"entry-header\">\n\t\t\t<figure class=\"entry-thumbnail\">\n\t\t\t\t\t\t\t\t\t\t\t\t<a href=\"https:\/\/infammobilya.com\/en\/portfolio\/safir-gumus-yatak-odasi\/\" class=\"portfolio-thumbnail\">\n\t\t\t\t\t\t\t\t<img width=\"1024\" height=\"683\" src=\"https:\/\/infammobilya.com\/wp-content\/uploads\/2020\/09\/safiryatak16-1024x683.png\" class=\"attachment-large size-large wp-post-image\" alt=\"\" loading=\"lazy\" srcset=\"https:\/\/infammobilya.com\/wp-content\/uploads\/2020\/09\/safiryatak16-1024x683.png 1024w, https:\/\/infammobilya.com\/wp-content\/uploads\/2020\/09\/safiryatak16-300x200.png 300w, https:\/\/infammobilya.com\/wp-content\/uploads\/2020\/09\/safiryatak16-768x512.png 768w, https:\/\/infammobilya.com\/wp-content\/uploads\/2020\/09\/safiryatak16-1536x1024.png 1536w, https:\/\/infammobilya.com\/wp-content\/uploads\/2020\/09\/safiryatak16.png 1575w\" sizes=\"(max-width: 1024px) 100vw, 1024px\" \/>\t\t\t\t\t\t\t<\/a>\n\t\t\t\t\t\t\t\t\t\t<a href=\"https:\/\/infammobilya.com\/wp-content\/uploads\/2020\/09\/safiryatak16.png\" class=\"portfolio-enlarge\">View Large<\/a>\n\t\t\t<\/figure>\n\t\t\n\t\t<div class=\"portfolio-info\">\n\t\t\t\n\t\t\t\t\t\t\t<h3 class=\"entry-title\">\n\t\t\t\t\t<a href=\"https:\/\/infammobilya.com\/en\/portfolio\/safir-gumus-yatak-odasi\/\" rel=\"bookmark\">Safir G\u00fcm\u00fc\u015f Yatak Odas\u0131<\/a>\n\t\t\t\t<\/h3>\n\t\t\t\n\t\t\t\t\t\t\t\t<ul class=\"proj-cats-list font-alt\">\n\t\t\t\t\t\t\t\t\t\t\t\t<li>Safir<\/li>\n\t\t\t\t\t\t\t\t\t\t\t<\/ul>\n\t\t\t\t\t\t\t <\/div>\n\t <\/header>\n\n\t\t\t<div class=\"entry-summary\">\n\t\t\t\t\t<\/div><!-- .entry-summary -->\n\t\n<\/article><!-- #post -->\n\t\t\t\t\t\t\t\t\t\t\t\t\t\t\t\n<article id=\"post-1909\" class=\"portfolio-entry  col-sm-4 col-xs-12 portfolio-single masonry-item proj-cat-safir post-1909 portfolio type-portfolio status-publish has-post-thumbnail hentry project-cat-safir\">\n\t\t\t<header class=\"entry-header\">\n\t\t\t<figure class=\"entry-thumbnail\">\n\t\t\t\t\t\t\t\t\t\t\t\t<a href=\"https:\/\/infammobilya.com\/en\/portfolio\/safir-gumus-yemek-odasi-2\/\" class=\"portfolio-thumbnail\">\n\t\t\t\t\t\t\t\t<img width=\"1024\" height=\"683\" src=\"https:\/\/infammobilya.com\/wp-content\/uploads\/2020\/09\/safiryemek10-1024x683.png\" class=\"attachment-large size-large wp-post-image\" alt=\"\" loading=\"lazy\" srcset=\"https:\/\/infammobilya.com\/wp-content\/uploads\/2020\/09\/safiryemek10-1024x683.png 1024w, https:\/\/infammobilya.com\/wp-content\/uploads\/2020\/09\/safiryemek10-300x200.png 300w, https:\/\/infammobilya.com\/wp-content\/uploads\/2020\/09\/safiryemek10-768x512.png 768w, https:\/\/infammobilya.com\/wp-content\/uploads\/2020\/09\/safiryemek10-1536x1024.png 1536w, https:\/\/infammobilya.com\/wp-content\/uploads\/2020\/09\/safiryemek10.png 1575w\" sizes=\"(max-width: 1024px) 100vw, 1024px\" \/>\t\t\t\t\t\t\t<\/a>\n\t\t\t\t\t\t\t\t\t\t<a href=\"https:\/\/infammobilya.com\/wp-content\/uploads\/2020\/09\/safiryemek10.png\" class=\"portfolio-enlarge\">View Large<\/a>\n\t\t\t<\/figure>\n\t\t\n\t\t<div class=\"portfolio-info\">\n\t\t\t\n\t\t\t\t\t\t\t<h3 class=\"entry-title\">\n\t\t\t\t\t<a href=\"https:\/\/infammobilya.com\/en\/portfolio\/safir-gumus-yemek-odasi-2\/\" rel=\"bookmark\">Safir G\u00fcm\u00fc\u015f Yemek Odas\u0131<\/a>\n\t\t\t\t<\/h3>\n\t\t\t\n\t\t\t\t\t\t\t\t<ul class=\"proj-cats-list font-alt\">\n\t\t\t\t\t\t\t\t\t\t\t\t<li>Safir<\/li>\n\t\t\t\t\t\t\t\t\t\t\t<\/ul>\n\t\t\t\t\t\t\t <\/div>\n\t <\/header>\n\n\t\t\t<div class=\"entry-summary\">\n\t\t\t\t\t<\/div><!-- .entry-summary -->\n\t\n<\/article><!-- #post -->\n\t\t\t\t\t\t\t\t\t\t\t\t\t\t\t\n<article id=\"post-1908\" class=\"portfolio-entry  col-sm-4 col-xs-12 portfolio-single masonry-item proj-cat-safir post-1908 portfolio type-portfolio status-publish has-post-thumbnail hentry project-cat-safir\">\n\t\t\t<header class=\"entry-header\">\n\t\t\t<figure class=\"entry-thumbnail\">\n\t\t\t\t\t\t\t\t\t\t\t\t<a href=\"https:\/\/infammobilya.com\/en\/portfolio\/safir-gumus-tv-unitesi-2\/\" class=\"portfolio-thumbnail\">\n\t\t\t\t\t\t\t\t<img width=\"1024\" height=\"683\" src=\"https:\/\/infammobilya.com\/wp-content\/uploads\/2020\/09\/safirtv3-1024x683.png\" class=\"attachment-large size-large wp-post-image\" alt=\"\" loading=\"lazy\" srcset=\"https:\/\/infammobilya.com\/wp-content\/uploads\/2020\/09\/safirtv3-1024x683.png 1024w, https:\/\/infammobilya.com\/wp-content\/uploads\/2020\/09\/safirtv3-300x200.png 300w, https:\/\/infammobilya.com\/wp-content\/uploads\/2020\/09\/safirtv3-768x512.png 768w, https:\/\/infammobilya.com\/wp-content\/uploads\/2020\/09\/safirtv3-1536x1024.png 1536w, https:\/\/infammobilya.com\/wp-content\/uploads\/2020\/09\/safirtv3.png 1575w\" sizes=\"(max-width: 1024px) 100vw, 1024px\" \/>\t\t\t\t\t\t\t<\/a>\n\t\t\t\t\t\t\t\t\t\t<a href=\"https:\/\/infammobilya.com\/wp-content\/uploads\/2020\/09\/safirtv3.png\" class=\"portfolio-enlarge\">View Large<\/a>\n\t\t\t<\/figure>\n\t\t\n\t\t<div class=\"portfolio-info\">\n\t\t\t\n\t\t\t\t\t\t\t<h3 class=\"entry-title\">\n\t\t\t\t\t<a href=\"https:\/\/infammobilya.com\/en\/portfolio\/safir-gumus-tv-unitesi-2\/\" rel=\"bookmark\">Safir G\u00fcm\u00fc\u015f Tv \u00dcnitesi<\/a>\n\t\t\t\t<\/h3>\n\t\t\t\n\t\t\t\t\t\t\t\t<ul class=\"proj-cats-list font-alt\">\n\t\t\t\t\t\t\t\t\t\t\t\t<li>Safir<\/li>\n\t\t\t\t\t\t\t\t\t\t\t<\/ul>\n\t\t\t\t\t\t\t <\/div>\n\t <\/header>\n\n\t\t\t<div class=\"entry-summary\">\n\t\t\t\t\t<\/div><!-- .entry-summary -->\n\t\n<\/article><!-- #post -->\n\t\t\t\t\t\t\t\n\t\t\t\t\t\t\t\t\t\t\t\t<\/div>\n\t\t\t\t\t\t<\/div>\n\n\t\t\t\t\t\t<div class=\"vc_row-full-width\"><\/div>\n\n\t\t\t\t\t\t\t\t\t\t\t\n\t\t\t\t\n\t\t\t\t\t\t<\/div><!-- .site-content -->\n\t\t\t\t\t<\/div><\/div><\/div><\/div>","protected":false},"excerpt":{"rendered":"&lt; GER\u0130 D\u00d6N Safir Tv \u00dcnitesi","protected":false},"author":1,"featured_media":0,"parent":0,"menu_order":0,"comment_status":"closed","ping_status":"closed","template":"","meta":[],"_links":{"self":[{"href":"https:\/\/infammobilya.com\/en\/wp-json\/wp\/v2\/pages\/1746"}],"collection":[{"href":"https:\/\/infammobilya.com\/en\/wp-json\/wp\/v2\/pages"}],"about":[{"href":"https:\/\/infammobilya.com\/en\/wp-json\/wp\/v2\/types\/page"}],"author":[{"embeddable":true,"href":"https:\/\/infammobilya.com\/en\/wp-json\/wp\/v2\/users\/1"}],"replies":[{"embeddable":true,"href":"https:\/\/infammobilya.com\/en\/wp-json\/wp\/v2\/comments?post=1746"}],"version-history":[{"count":1,"href":"https:\/\/infammobilya.com\/en\/wp-json\/wp\/v2\/pages\/1746\/revisions"}],"predecessor-version":[{"id":1747,"href":"https:\/\/infammobilya.com\/en\/wp-json\/wp\/v2\/pages\/1746\/revisions\/1747"}],"wp:attachment":[{"href":"https:\/\/infammobilya.com\/en\/wp-json\/wp\/v2\/media?parent=1746"}],"curies":[{"name":"wp","href":"https:\/\/api.w.org\/{rel}","templated":true}]}}