{"id":2023,"date":"2021-02-05T14:38:35","date_gmt":"2021-02-05T11:38:35","guid":{"rendered":"https:\/\/infammobilya.com\/?page_id=2023"},"modified":"2021-02-05T14:41:32","modified_gmt":"2021-02-05T11:41:32","slug":"safir-gold","status":"publish","type":"page","link":"https:\/\/infammobilya.com\/en\/safir-gold\/","title":{"rendered":"Safir Gold"},"content":{"rendered":"<div class=\"vc_row wpb_row vc_row-fluid vc_custom_1600177354169\"><div class=\"wpb_column vc_column_container vc_col-sm-12\"><div class=\"vc_column-inner\"><div class=\"wpb_wrapper\">\n\t\t\t\t\t\t<div class=\"site-content page-portfolio portfolio-layout-boxed portfolio-with-bg-alt col-sm-12\" role=\"main\">\n\t\t\t\n\t\t\t\t\t\t\t\t\t\t\t\t\t\t\t<div class=\"row row-spacing-20\">\n\n\t\t\t\t\t\t\t\t\t\t\t\t\t\t\t\n\t\t\t\t\t\t\t\t \n\t\t\t\t\t\t\t\n\t\t\t\t\t\t\t<div class=\"clear\"><\/div>\n\n\t\t\t\t\t\t\t<div class=\"masonry-container basel-portfolio-holder\" data-atts=\"{&quot;posts_per_page&quot;:&quot;12&quot;,&quot;filters&quot;:&quot;1&quot;,&quot;categories&quot;:&quot;45&quot;,&quot;style&quot;:&quot;with-bg-alt&quot;,&quot;columns&quot;:&quot;3&quot;,&quot;spacing&quot;:&quot;20&quot;,&quot;full_width&quot;:&quot;&quot;,&quot;filters_bg&quot;:&quot;&quot;,&quot;ajax_page&quot;:&quot;&quot;,&quot;pagination&quot;:&quot;pagination&quot;,&quot;basel_color_scheme&quot;:&quot;dark&quot;,&quot;orderby&quot;:&quot;&quot;,&quot;order&quot;:&quot;&quot;,&quot;el_class&quot;:&quot;&quot;}\" data-source=\"shortcode\" data-paged=\"1\">\n\t\t\t\t\t\n\t\t\t\t\t\t\t\t\t\t\t\t\t\t\t\t\t\t\t\t\t\t\n<article id=\"post-2027\" class=\"portfolio-entry  col-sm-4 col-xs-12 portfolio-single masonry-item proj-cat-safir-gold post-2027 portfolio type-portfolio status-publish has-post-thumbnail hentry project-cat-safir-gold\">\n\t\t\t<header class=\"entry-header\">\n\t\t\t<figure class=\"entry-thumbnail\">\n\t\t\t\t\t\t\t\t\t\t\t\t<a href=\"https:\/\/infammobilya.com\/en\/portfolio\/safir-gold-yatak-odasi-2\/\" class=\"portfolio-thumbnail\">\n\t\t\t\t\t\t\t\t<img width=\"1024\" height=\"683\" src=\"https:\/\/infammobilya.com\/wp-content\/uploads\/2021\/02\/safir-gold-15-1024x683.png\" class=\"attachment-large size-large wp-post-image\" alt=\"\" loading=\"lazy\" srcset=\"https:\/\/infammobilya.com\/wp-content\/uploads\/2021\/02\/safir-gold-15-1024x683.png 1024w, https:\/\/infammobilya.com\/wp-content\/uploads\/2021\/02\/safir-gold-15-300x200.png 300w, https:\/\/infammobilya.com\/wp-content\/uploads\/2021\/02\/safir-gold-15-768x512.png 768w, https:\/\/infammobilya.com\/wp-content\/uploads\/2021\/02\/safir-gold-15-1536x1024.png 1536w, https:\/\/infammobilya.com\/wp-content\/uploads\/2021\/02\/safir-gold-15.png 1575w\" sizes=\"(max-width: 1024px) 100vw, 1024px\" \/>\t\t\t\t\t\t\t<\/a>\n\t\t\t\t\t\t\t\t\t\t<a href=\"https:\/\/infammobilya.com\/wp-content\/uploads\/2021\/02\/safir-gold-15.png\" class=\"portfolio-enlarge\">View Large<\/a>\n\t\t\t<\/figure>\n\t\t\n\t\t<div class=\"portfolio-info\">\n\t\t\t\n\t\t\t\t\t\t\t<h3 class=\"entry-title\">\n\t\t\t\t\t<a href=\"https:\/\/infammobilya.com\/en\/portfolio\/safir-gold-yatak-odasi-2\/\" rel=\"bookmark\">Safir Gold Yatak Odas\u0131<\/a>\n\t\t\t\t<\/h3>\n\t\t\t\n\t\t\t\t\t\t\t\t<ul class=\"proj-cats-list font-alt\">\n\t\t\t\t\t\t\t\t\t\t\t\t<li>Safir Gold<\/li>\n\t\t\t\t\t\t\t\t\t\t\t<\/ul>\n\t\t\t\t\t\t\t <\/div>\n\t <\/header>\n\n\t\t\t<div class=\"entry-summary\">\n\t\t\t\t\t<\/div><!-- .entry-summary -->\n\t\n<\/article><!-- #post -->\n\t\t\t\t\t\t\t\t\t\t\t\t\t\t\t\n<article id=\"post-2026\" class=\"portfolio-entry  col-sm-4 col-xs-12 portfolio-single masonry-item proj-cat-safir-gold post-2026 portfolio type-portfolio status-publish has-post-thumbnail hentry project-cat-safir-gold\">\n\t\t\t<header class=\"entry-header\">\n\t\t\t<figure class=\"entry-thumbnail\">\n\t\t\t\t\t\t\t\t\t\t\t\t<a href=\"https:\/\/infammobilya.com\/en\/portfolio\/safir-gold-yemek-odasi-2\/\" class=\"portfolio-thumbnail\">\n\t\t\t\t\t\t\t\t<img width=\"1024\" height=\"683\" src=\"https:\/\/infammobilya.com\/wp-content\/uploads\/2021\/02\/safir-gold-34-1024x683.png\" class=\"attachment-large size-large wp-post-image\" alt=\"\" loading=\"lazy\" srcset=\"https:\/\/infammobilya.com\/wp-content\/uploads\/2021\/02\/safir-gold-34-1024x683.png 1024w, https:\/\/infammobilya.com\/wp-content\/uploads\/2021\/02\/safir-gold-34-300x200.png 300w, https:\/\/infammobilya.com\/wp-content\/uploads\/2021\/02\/safir-gold-34-768x512.png 768w, https:\/\/infammobilya.com\/wp-content\/uploads\/2021\/02\/safir-gold-34-1536x1024.png 1536w, https:\/\/infammobilya.com\/wp-content\/uploads\/2021\/02\/safir-gold-34.png 1575w\" sizes=\"(max-width: 1024px) 100vw, 1024px\" \/>\t\t\t\t\t\t\t<\/a>\n\t\t\t\t\t\t\t\t\t\t<a href=\"https:\/\/infammobilya.com\/wp-content\/uploads\/2021\/02\/safir-gold-34.png\" class=\"portfolio-enlarge\">View Large<\/a>\n\t\t\t<\/figure>\n\t\t\n\t\t<div class=\"portfolio-info\">\n\t\t\t\n\t\t\t\t\t\t\t<h3 class=\"entry-title\">\n\t\t\t\t\t<a href=\"https:\/\/infammobilya.com\/en\/portfolio\/safir-gold-yemek-odasi-2\/\" rel=\"bookmark\">Safir Gold Yemek Odas\u0131<\/a>\n\t\t\t\t<\/h3>\n\t\t\t\n\t\t\t\t\t\t\t\t<ul class=\"proj-cats-list font-alt\">\n\t\t\t\t\t\t\t\t\t\t\t\t<li>Safir Gold<\/li>\n\t\t\t\t\t\t\t\t\t\t\t<\/ul>\n\t\t\t\t\t\t\t <\/div>\n\t <\/header>\n\n\t\t\t<div class=\"entry-summary\">\n\t\t\t\t\t<\/div><!-- .entry-summary -->\n\t\n<\/article><!-- #post -->\n\t\t\t\t\t\t\t\n\t\t\t\t\t\t\t\t\t\t\t\t<\/div>\n\t\t\t\t\t\t<\/div>\n\n\t\t\t\t\t\t<div class=\"vc_row-full-width\"><\/div>\n\n\t\t\t\t\t\t\t\t\t\t\t\n\t\t\t\t\n\t\t\t\t\t\t<\/div><!-- .site-content -->\n\t\t\t\t\t<\/div><\/div><\/div><\/div>","protected":false},"excerpt":{"rendered":"&lt; GER\u0130 D\u00d6N Safir Gold Yemek Odas\u0131","protected":false},"author":1,"featured_media":0,"parent":0,"menu_order":0,"comment_status":"closed","ping_status":"closed","template":"","meta":[],"_links":{"self":[{"href":"https:\/\/infammobilya.com\/en\/wp-json\/wp\/v2\/pages\/2023"}],"collection":[{"href":"https:\/\/infammobilya.com\/en\/wp-json\/wp\/v2\/pages"}],"about":[{"href":"https:\/\/infammobilya.com\/en\/wp-json\/wp\/v2\/types\/page"}],"author":[{"embeddable":true,"href":"https:\/\/infammobilya.com\/en\/wp-json\/wp\/v2\/users\/1"}],"replies":[{"embeddable":true,"href":"https:\/\/infammobilya.com\/en\/wp-json\/wp\/v2\/comments?post=2023"}],"version-history":[{"count":2,"href":"https:\/\/infammobilya.com\/en\/wp-json\/wp\/v2\/pages\/2023\/revisions"}],"predecessor-version":[{"id":2028,"href":"https:\/\/infammobilya.com\/en\/wp-json\/wp\/v2\/pages\/2023\/revisions\/2028"}],"wp:attachment":[{"href":"https:\/\/infammobilya.com\/en\/wp-json\/wp\/v2\/media?parent=2023"}],"curies":[{"name":"wp","href":"https:\/\/api.w.org\/{rel}","templated":true}]}}