{"id":2190,"date":"2022-04-12T15:51:49","date_gmt":"2022-04-12T12:51:49","guid":{"rendered":"https:\/\/infammobilya.com\/?page_id=2190"},"modified":"2022-04-12T15:51:49","modified_gmt":"2022-04-12T12:51:49","slug":"eylul","status":"publish","type":"page","link":"https:\/\/infammobilya.com\/en\/eylul\/","title":{"rendered":"Eyl\u00fcl"},"content":{"rendered":"<div class=\"vc_row wpb_row vc_row-fluid vc_custom_1600177354169\"><div class=\"wpb_column vc_column_container vc_col-sm-12\"><div class=\"vc_column-inner\"><div class=\"wpb_wrapper\">\n\t\t\t\t\t\t<div class=\"site-content page-portfolio portfolio-layout-boxed portfolio-with-bg-alt col-sm-12\" role=\"main\">\n\t\t\t\n\t\t\t\t\t\t\t\t\t\t\t\t\t\t\t<div class=\"row row-spacing-20\">\n\n\t\t\t\t\t\t\t\t\t\t\t\t\t\t\t\n\t\t\t\t\t\t\t\t \n\t\t\t\t\t\t\t\n\t\t\t\t\t\t\t<div class=\"clear\"><\/div>\n\n\t\t\t\t\t\t\t<div class=\"masonry-container basel-portfolio-holder\" data-atts=\"{&quot;posts_per_page&quot;:&quot;12&quot;,&quot;filters&quot;:&quot;1&quot;,&quot;categories&quot;:&quot;48&quot;,&quot;style&quot;:&quot;with-bg-alt&quot;,&quot;columns&quot;:&quot;3&quot;,&quot;spacing&quot;:&quot;20&quot;,&quot;full_width&quot;:&quot;&quot;,&quot;filters_bg&quot;:&quot;&quot;,&quot;ajax_page&quot;:&quot;&quot;,&quot;pagination&quot;:&quot;pagination&quot;,&quot;basel_color_scheme&quot;:&quot;dark&quot;,&quot;orderby&quot;:&quot;&quot;,&quot;order&quot;:&quot;&quot;,&quot;el_class&quot;:&quot;&quot;}\" data-source=\"shortcode\" data-paged=\"1\">\n\t\t\t\t\t\n\t\t\t\t\t\t\t\t\t\t\t\t\t\t\t\t\t\t\t\t\t\t\n<article id=\"post-2169\" class=\"portfolio-entry  col-sm-4 col-xs-12 portfolio-single masonry-item proj-cat-eylul proj-cat-yemek-odalari post-2169 portfolio type-portfolio status-publish has-post-thumbnail hentry project-cat-eylul project-cat-yemek-odalari\">\n\t\t\t<header class=\"entry-header\">\n\t\t\t<figure class=\"entry-thumbnail\">\n\t\t\t\t\t\t\t\t\t\t\t\t<a href=\"https:\/\/infammobilya.com\/en\/portfolio\/eylul-yemek-odasi\/\" class=\"portfolio-thumbnail\">\n\t\t\t\t\t\t\t\t<img width=\"1024\" height=\"683\" src=\"https:\/\/infammobilya.com\/wp-content\/uploads\/2022\/04\/Basliksiz-4_0002_1_1575x1050-1024x683.jpg\" class=\"attachment-large size-large wp-post-image\" alt=\"\" loading=\"lazy\" srcset=\"https:\/\/infammobilya.com\/wp-content\/uploads\/2022\/04\/Basliksiz-4_0002_1_1575x1050-1024x683.jpg 1024w, https:\/\/infammobilya.com\/wp-content\/uploads\/2022\/04\/Basliksiz-4_0002_1_1575x1050-300x200.jpg 300w, https:\/\/infammobilya.com\/wp-content\/uploads\/2022\/04\/Basliksiz-4_0002_1_1575x1050-768x512.jpg 768w, https:\/\/infammobilya.com\/wp-content\/uploads\/2022\/04\/Basliksiz-4_0002_1_1575x1050-1536x1024.jpg 1536w, https:\/\/infammobilya.com\/wp-content\/uploads\/2022\/04\/Basliksiz-4_0002_1_1575x1050-18x12.jpg 18w, https:\/\/infammobilya.com\/wp-content\/uploads\/2022\/04\/Basliksiz-4_0002_1_1575x1050.jpg 1575w\" sizes=\"(max-width: 1024px) 100vw, 1024px\" \/>\t\t\t\t\t\t\t<\/a>\n\t\t\t\t\t\t\t\t\t\t<a href=\"https:\/\/infammobilya.com\/wp-content\/uploads\/2022\/04\/Basliksiz-4_0002_1_1575x1050.jpg\" class=\"portfolio-enlarge\">View Large<\/a>\n\t\t\t<\/figure>\n\t\t\n\t\t<div class=\"portfolio-info\">\n\t\t\t\n\t\t\t\t\t\t\t<h3 class=\"entry-title\">\n\t\t\t\t\t<a href=\"https:\/\/infammobilya.com\/en\/portfolio\/eylul-yemek-odasi\/\" rel=\"bookmark\">Eyl\u00fcl Yemek Odas\u0131<\/a>\n\t\t\t\t<\/h3>\n\t\t\t\n\t\t\t\t\t\t\t\t<ul class=\"proj-cats-list font-alt\">\n\t\t\t\t\t\t\t\t\t\t\t\t<li>Eyl\u00fcl<\/li>\n\t\t\t\t\t\t\t\t\t\t\t\t\t<li>Dining Rooms<\/li>\n\t\t\t\t\t\t\t\t\t\t\t<\/ul>\n\t\t\t\t\t\t\t <\/div>\n\t <\/header>\n\n\t\t\t<div class=\"entry-summary\">\n\t\t\t\t\t<\/div><!-- .entry-summary -->\n\t\n<\/article><!-- #post -->\n\t\t\t\t\t\t\t\t\t\t\t\t\t\t\t\n<article id=\"post-2149\" class=\"portfolio-entry  col-sm-4 col-xs-12 portfolio-single masonry-item proj-cat-eylul proj-cat-yatak-odalari post-2149 portfolio type-portfolio status-publish has-post-thumbnail hentry project-cat-eylul project-cat-yatak-odalari\">\n\t\t\t<header class=\"entry-header\">\n\t\t\t<figure class=\"entry-thumbnail\">\n\t\t\t\t\t\t\t\t\t\t\t\t<a href=\"https:\/\/infammobilya.com\/en\/portfolio\/eylul-yatak-odasi\/\" class=\"portfolio-thumbnail\">\n\t\t\t\t\t\t\t\t<img width=\"1024\" height=\"683\" src=\"https:\/\/infammobilya.com\/wp-content\/uploads\/2022\/04\/Basliksiz-3_0005_2_1575x1050-1024x683.jpg\" class=\"attachment-large size-large wp-post-image\" alt=\"\" loading=\"lazy\" srcset=\"https:\/\/infammobilya.com\/wp-content\/uploads\/2022\/04\/Basliksiz-3_0005_2_1575x1050-1024x683.jpg 1024w, https:\/\/infammobilya.com\/wp-content\/uploads\/2022\/04\/Basliksiz-3_0005_2_1575x1050-300x200.jpg 300w, https:\/\/infammobilya.com\/wp-content\/uploads\/2022\/04\/Basliksiz-3_0005_2_1575x1050-768x512.jpg 768w, https:\/\/infammobilya.com\/wp-content\/uploads\/2022\/04\/Basliksiz-3_0005_2_1575x1050-1536x1024.jpg 1536w, https:\/\/infammobilya.com\/wp-content\/uploads\/2022\/04\/Basliksiz-3_0005_2_1575x1050-18x12.jpg 18w, https:\/\/infammobilya.com\/wp-content\/uploads\/2022\/04\/Basliksiz-3_0005_2_1575x1050.jpg 1575w\" sizes=\"(max-width: 1024px) 100vw, 1024px\" \/>\t\t\t\t\t\t\t<\/a>\n\t\t\t\t\t\t\t\t\t\t<a href=\"https:\/\/infammobilya.com\/wp-content\/uploads\/2022\/04\/Basliksiz-3_0005_2_1575x1050.jpg\" class=\"portfolio-enlarge\">View Large<\/a>\n\t\t\t<\/figure>\n\t\t\n\t\t<div class=\"portfolio-info\">\n\t\t\t\n\t\t\t\t\t\t\t<h3 class=\"entry-title\">\n\t\t\t\t\t<a href=\"https:\/\/infammobilya.com\/en\/portfolio\/eylul-yatak-odasi\/\" rel=\"bookmark\">Eyl\u00fcl Yatak Odas\u0131<\/a>\n\t\t\t\t<\/h3>\n\t\t\t\n\t\t\t\t\t\t\t\t<ul class=\"proj-cats-list font-alt\">\n\t\t\t\t\t\t\t\t\t\t\t\t<li>Eyl\u00fcl<\/li>\n\t\t\t\t\t\t\t\t\t\t\t\t\t<li>Bedrooms<\/li>\n\t\t\t\t\t\t\t\t\t\t\t<\/ul>\n\t\t\t\t\t\t\t <\/div>\n\t <\/header>\n\n\t\t\t<div class=\"entry-summary\">\n\t\t\t\t\t<\/div><!-- .entry-summary -->\n\t\n<\/article><!-- #post -->\n\t\t\t\t\t\t\t\t\t\t\t\t\t\t\t\n<article id=\"post-2142\" class=\"portfolio-entry  col-sm-4 col-xs-12 portfolio-single masonry-item proj-cat-eylul proj-cat-tv-unitesi post-2142 portfolio type-portfolio status-publish has-post-thumbnail hentry project-cat-eylul project-cat-tv-unitesi\">\n\t\t\t<header class=\"entry-header\">\n\t\t\t<figure class=\"entry-thumbnail\">\n\t\t\t\t\t\t\t\t\t\t\t\t<a href=\"https:\/\/infammobilya.com\/en\/portfolio\/eylul-tv-unitesi\/\" class=\"portfolio-thumbnail\">\n\t\t\t\t\t\t\t\t<img width=\"1024\" height=\"683\" src=\"https:\/\/infammobilya.com\/wp-content\/uploads\/2022\/04\/Basliksiz-2_0001_2_1575x1050-1024x683.jpg\" class=\"attachment-large size-large wp-post-image\" alt=\"\" loading=\"lazy\" srcset=\"https:\/\/infammobilya.com\/wp-content\/uploads\/2022\/04\/Basliksiz-2_0001_2_1575x1050-1024x683.jpg 1024w, https:\/\/infammobilya.com\/wp-content\/uploads\/2022\/04\/Basliksiz-2_0001_2_1575x1050-300x200.jpg 300w, https:\/\/infammobilya.com\/wp-content\/uploads\/2022\/04\/Basliksiz-2_0001_2_1575x1050-768x512.jpg 768w, https:\/\/infammobilya.com\/wp-content\/uploads\/2022\/04\/Basliksiz-2_0001_2_1575x1050-1536x1024.jpg 1536w, https:\/\/infammobilya.com\/wp-content\/uploads\/2022\/04\/Basliksiz-2_0001_2_1575x1050-18x12.jpg 18w, https:\/\/infammobilya.com\/wp-content\/uploads\/2022\/04\/Basliksiz-2_0001_2_1575x1050.jpg 1575w\" sizes=\"(max-width: 1024px) 100vw, 1024px\" \/>\t\t\t\t\t\t\t<\/a>\n\t\t\t\t\t\t\t\t\t\t<a href=\"https:\/\/infammobilya.com\/wp-content\/uploads\/2022\/04\/Basliksiz-2_0001_2_1575x1050.jpg\" class=\"portfolio-enlarge\">View Large<\/a>\n\t\t\t<\/figure>\n\t\t\n\t\t<div class=\"portfolio-info\">\n\t\t\t\n\t\t\t\t\t\t\t<h3 class=\"entry-title\">\n\t\t\t\t\t<a href=\"https:\/\/infammobilya.com\/en\/portfolio\/eylul-tv-unitesi\/\" rel=\"bookmark\">Eyl\u00fcl Tv \u00dcnitesi<\/a>\n\t\t\t\t<\/h3>\n\t\t\t\n\t\t\t\t\t\t\t\t<ul class=\"proj-cats-list font-alt\">\n\t\t\t\t\t\t\t\t\t\t\t\t<li>Eyl\u00fcl<\/li>\n\t\t\t\t\t\t\t\t\t\t\t\t\t<li>TV unit<\/li>\n\t\t\t\t\t\t\t\t\t\t\t<\/ul>\n\t\t\t\t\t\t\t <\/div>\n\t <\/header>\n\n\t\t\t<div class=\"entry-summary\">\n\t\t\t\t\t<\/div><!-- .entry-summary -->\n\t\n<\/article><!-- #post -->\n\t\t\t\t\t\t\t\n\t\t\t\t\t\t\t\t\t\t\t\t<\/div>\n\t\t\t\t\t\t<\/div>\n\n\t\t\t\t\t\t<div class=\"vc_row-full-width\"><\/div>\n\n\t\t\t\t\t\t\t\t\t\t\t\n\t\t\t\t\n\t\t\t\t\t\t<\/div><!-- .site-content -->\n\t\t\t\t\t<\/div><\/div><\/div><\/div>","protected":false},"excerpt":{"rendered":"&lt; GER\u0130 D\u00d6N Eyl\u00fcl Tv \u00dcnitesi","protected":false},"author":1,"featured_media":0,"parent":0,"menu_order":0,"comment_status":"closed","ping_status":"closed","template":"","meta":[],"_links":{"self":[{"href":"https:\/\/infammobilya.com\/en\/wp-json\/wp\/v2\/pages\/2190"}],"collection":[{"href":"https:\/\/infammobilya.com\/en\/wp-json\/wp\/v2\/pages"}],"about":[{"href":"https:\/\/infammobilya.com\/en\/wp-json\/wp\/v2\/types\/page"}],"author":[{"embeddable":true,"href":"https:\/\/infammobilya.com\/en\/wp-json\/wp\/v2\/users\/1"}],"replies":[{"embeddable":true,"href":"https:\/\/infammobilya.com\/en\/wp-json\/wp\/v2\/comments?post=2190"}],"version-history":[{"count":1,"href":"https:\/\/infammobilya.com\/en\/wp-json\/wp\/v2\/pages\/2190\/revisions"}],"predecessor-version":[{"id":2191,"href":"https:\/\/infammobilya.com\/en\/wp-json\/wp\/v2\/pages\/2190\/revisions\/2191"}],"wp:attachment":[{"href":"https:\/\/infammobilya.com\/en\/wp-json\/wp\/v2\/media?parent=2190"}],"curies":[{"name":"wp","href":"https:\/\/api.w.org\/{rel}","templated":true}]}}